{"id":5052,"date":"2024-08-26T09:00:39","date_gmt":"2024-08-26T09:00:39","guid":{"rendered":"https:\/\/estelaclub.com\/?page_id=5052"},"modified":"2025-03-28T15:34:21","modified_gmt":"2025-03-28T15:34:21","slug":"orgaos-sociais","status":"publish","type":"page","link":"https:\/\/estelaclub.com\/en\/orgaos-sociais\/","title":{"rendered":"Org\u00e3os Sociais"},"content":{"rendered":"<div data-elementor-type=\"wp-page\" data-elementor-id=\"5052\" class=\"elementor elementor-5052\" data-elementor-post-type=\"page\">\n\t\t\t\t<div class=\"elementor-element elementor-element-288d50f e-flex e-con-boxed e-con e-parent\" data-id=\"288d50f\" data-element_type=\"container\" data-e-type=\"container\">\n\t\t\t\t\t<div class=\"e-con-inner\">\n\t\t\t\t<div class=\"elementor-element elementor-element-844d8c9 elementor-widget elementor-widget-heading\" data-id=\"844d8c9\" data-element_type=\"widget\" data-e-type=\"widget\" data-widget_type=\"heading.default\">\n\t\t\t\t<div class=\"elementor-widget-container\">\n\t\t\t\t\t<h2 class=\"elementor-heading-title elementor-size-default\">\u00d3RG\u00c3OS SOCIAIS PARA O TRI\u00c9NIO 2024-2027<\/h2>\t\t\t\t<\/div>\n\t\t\t\t<\/div>\n\t\t\t\t\t<\/div>\n\t\t\t\t<\/div>\n\t\t<div class=\"elementor-element elementor-element-0a67690 e-flex e-con-boxed e-con e-parent\" data-id=\"0a67690\" data-element_type=\"container\" data-e-type=\"container\">\n\t\t\t\t\t<div class=\"e-con-inner\">\n\t\t\t\t<div class=\"elementor-element elementor-element-1d5cd1b elementor-widget elementor-widget-text-editor\" data-id=\"1d5cd1b\" data-element_type=\"widget\" data-e-type=\"widget\" data-widget_type=\"text-editor.default\">\n\t\t\t\t<div class=\"elementor-widget-container\">\n\t\t\t\t\t\t\t\t\t<h3><strong>Assembleia Geral:<\/strong><\/h3><ul><li><strong>Presidente<\/strong> \u2013 Jorge Filipe Braga Barros Le\u00e3o<\/li><li><strong>Secret\u00e1rio<\/strong> \u2013 Ant\u00f3nio Moura Gon\u00e7alves<\/li><li><strong>Secret\u00e1rio<\/strong> \u2013 Andr\u00e9 Tavares Moreira<\/li><\/ul><div>\u00a0<\/div><h3><strong>Dire\u00e7\u00e3o:<\/strong><\/h3><ul><li><strong>Presidente <\/strong>\u2013 Adalberto Manuel da Fonseca Neiva de Oliveira<\/li><li><strong>Vogal<\/strong> \u2013 Alberto Quintas Mendes<\/li><li><strong>Vogal<\/strong> \u2013 Amilcar Barroso da Costa Neiva<\/li><li><strong>Vogal<\/strong> \u2013 Lu\u00eds Amorim Teixeira<\/li><li><strong>Vogal<\/strong> \u2013 Jos\u00e9 Lu\u00eds Veloso<\/li><li><strong>Vogal <\/strong>\u2013 Rui Feij\u00f3o Pinto<\/li><li><strong>Vogal <\/strong>\u2013 Manuel Pereira Mendes<\/li><\/ul><div>\u00a0<\/div><h3><strong>Conselho Fiscal:<\/strong><\/h3><ul><li><strong>Presidente<\/strong> \u2013 Tiago Romeiro da Rocha<\/li><li><strong>Secret\u00e1rio<\/strong> \u2013 Jo\u00e3o Neiva de Oliveira Coelho Pires<\/li><li><strong>Secret\u00e1rio<\/strong> \u2013 Nelson Freitas Aires<\/li><\/ul>\t\t\t\t\t\t\t\t<\/div>\n\t\t\t\t<\/div>\n\t\t\t\t\t<\/div>\n\t\t\t\t<\/div>\n\t\t\t\t<\/div>","protected":false},"excerpt":{"rendered":"<p>\u00d3RG\u00c3OS SOCIAIS PARA O TRI\u00c9NIO 2024-2027 Assembleia Geral: Presidente \u2013 Jorge Filipe Braga Barros Le\u00e3o Secret\u00e1rio \u2013 Ant\u00f3nio Moura Gon\u00e7alves Secret\u00e1rio \u2013 Andr\u00e9 Tavares Moreira [&hellip;]<\/p>\n","protected":false},"author":4,"featured_media":0,"parent":0,"menu_order":0,"comment_status":"closed","ping_status":"closed","template":"","meta":{"footnotes":""},"class_list":["post-5052","page","type-page","status-publish","hentry"],"_links":{"self":[{"href":"https:\/\/estelaclub.com\/en\/wp-json\/wp\/v2\/pages\/5052","targetHints":{"allow":["GET"]}}],"collection":[{"href":"https:\/\/estelaclub.com\/en\/wp-json\/wp\/v2\/pages"}],"about":[{"href":"https:\/\/estelaclub.com\/en\/wp-json\/wp\/v2\/types\/page"}],"author":[{"embeddable":true,"href":"https:\/\/estelaclub.com\/en\/wp-json\/wp\/v2\/users\/4"}],"replies":[{"embeddable":true,"href":"https:\/\/estelaclub.com\/en\/wp-json\/wp\/v2\/comments?post=5052"}],"version-history":[{"count":3,"href":"https:\/\/estelaclub.com\/en\/wp-json\/wp\/v2\/pages\/5052\/revisions"}],"predecessor-version":[{"id":5926,"href":"https:\/\/estelaclub.com\/en\/wp-json\/wp\/v2\/pages\/5052\/revisions\/5926"}],"wp:attachment":[{"href":"https:\/\/estelaclub.com\/en\/wp-json\/wp\/v2\/media?parent=5052"}],"curies":[{"name":"wp","href":"https:\/\/api.w.org\/{rel}","templated":true}]}}