{"id":2687,"date":"2023-11-02T10:05:06","date_gmt":"2023-11-02T10:05:06","guid":{"rendered":"https:\/\/estelaclub.com\/?page_id=2687"},"modified":"2023-11-22T15:04:53","modified_gmt":"2023-11-22T15:04:53","slug":"clubhouse","status":"publish","type":"page","link":"https:\/\/estelaclub.com\/en\/clubhouse\/","title":{"rendered":"Clubhouse"},"content":{"rendered":"<div data-elementor-type=\"wp-page\" data-elementor-id=\"2687\" class=\"elementor elementor-2687\" data-elementor-post-type=\"page\">\n\t\t\t\t<div class=\"elementor-element elementor-element-154b083 e-flex e-con-boxed e-con e-parent\" data-id=\"154b083\" data-element_type=\"container\" data-e-type=\"container\">\n\t\t\t\t\t<div class=\"e-con-inner\">\n\t\t\t\t<div class=\"elementor-element elementor-element-3c9fa01 elementor-widget elementor-widget-heading\" data-id=\"3c9fa01\" data-element_type=\"widget\" data-e-type=\"widget\" data-widget_type=\"heading.default\">\n\t\t\t\t<div class=\"elementor-widget-container\">\n\t\t\t\t\t<h2 class=\"elementor-heading-title elementor-size-xl\">Estela Golf Shop<\/h2>\t\t\t\t<\/div>\n\t\t\t\t<\/div>\n\t\t\t\t\t<\/div>\n\t\t\t\t<\/div>\n\t\t<div class=\"elementor-element elementor-element-e7c406f e-flex e-con-boxed e-con e-parent\" data-id=\"e7c406f\" data-element_type=\"container\" data-e-type=\"container\">\n\t\t\t\t\t<div class=\"e-con-inner\">\n\t\t<div class=\"elementor-element elementor-element-a474818 e-flex e-con-boxed e-con e-child\" data-id=\"a474818\" data-element_type=\"container\" data-e-type=\"container\" data-settings=\"{&quot;background_background&quot;:&quot;classic&quot;}\">\n\t\t\t\t\t<div class=\"e-con-inner\">\n\t\t\t\t<div class=\"elementor-element elementor-element-8472fa7 elementor-widget elementor-widget-text-editor\" data-id=\"8472fa7\" data-element_type=\"widget\" data-e-type=\"widget\" data-widget_type=\"text-editor.default\">\n\t\t\t\t<div class=\"elementor-widget-container\">\n\t\t\t\t\t\t\t\t\t<p>A Loja do Estela Golfe localiza-se no interior do Club House e \u00e9 um espa\u00e7o de passagem obrigat\u00f3ria, uma vez que \u00e9 neste local que se pode encontrar tudo o que lhe permite equipar-se a rigor pra jogar Golfe.<\/p><p>A nossa loja disponibiliza desde os mais simples acess\u00f3rios como bolas, tees, luvas, marcas e bag tags a equipamentos imprescind\u00edveis\u00a0 para golfistas como \u00e9 o caso dos fatos de chuva para Inverno, sacos e sapatos de golfe, entre muito mais.<\/p><p>A loja do Estela Golf trabalha com as mais prestigiadas marcas de golfe como \u00e9 caso da Galvin Green, Golfino, Srixon, Titleist, Footjoy, Bridgestone e Kankura Golf. Visite a nossa loja e encontre tudo o que precisa para disfrutar de um belo dia de golfe.<\/p><p>Venha visitar a nosso loja!<\/p><p>\u00a0<\/p>\t\t\t\t\t\t\t\t<\/div>\n\t\t\t\t<\/div>\n\t\t\t\t\t<\/div>\n\t\t\t\t<\/div>\n\t\t<div class=\"elementor-element elementor-element-4a65f29 e-flex e-con-boxed e-con e-child\" data-id=\"4a65f29\" data-element_type=\"container\" data-e-type=\"container\">\n\t\t\t\t\t<div class=\"e-con-inner\">\n\t\t\t\t<div class=\"elementor-element elementor-element-8df53f5 elementor-widget__width-initial elementor-hidden-mobile elementor-widget elementor-widget-image\" data-id=\"8df53f5\" data-element_type=\"widget\" data-e-type=\"widget\" data-widget_type=\"image.default\">\n\t\t\t\t<div class=\"elementor-widget-container\">\n\t\t\t\t\t\t\t\t\t\t\t\t\t\t\t<img fetchpriority=\"high\" decoding=\"async\" width=\"768\" height=\"1024\" src=\"https:\/\/estelaclub.com\/wp-content\/uploads\/2023\/11\/Sacos-de-Golfe-768x1024.jpg\" class=\"attachment-large size-large wp-image-2690\" alt=\"\" srcset=\"https:\/\/estelaclub.com\/wp-content\/uploads\/2023\/11\/Sacos-de-Golfe-768x1024.jpg 768w, https:\/\/estelaclub.com\/wp-content\/uploads\/2023\/11\/Sacos-de-Golfe-225x300.jpg 225w, https:\/\/estelaclub.com\/wp-content\/uploads\/2023\/11\/Sacos-de-Golfe-1152x1536.jpg 1152w, https:\/\/estelaclub.com\/wp-content\/uploads\/2023\/11\/Sacos-de-Golfe-1536x2048.jpg 1536w, https:\/\/estelaclub.com\/wp-content\/uploads\/2023\/11\/Sacos-de-Golfe-1000x1333.jpg 1000w, https:\/\/estelaclub.com\/wp-content\/uploads\/2023\/11\/Sacos-de-Golfe-230x307.jpg 230w, https:\/\/estelaclub.com\/wp-content\/uploads\/2023\/11\/Sacos-de-Golfe-350x467.jpg 350w, https:\/\/estelaclub.com\/wp-content\/uploads\/2023\/11\/Sacos-de-Golfe-480x640.jpg 480w, https:\/\/estelaclub.com\/wp-content\/uploads\/2023\/11\/Sacos-de-Golfe-scaled.jpg 1920w\" sizes=\"(max-width: 768px) 100vw, 768px\" \/>\t\t\t\t\t\t\t\t\t\t\t\t\t\t\t<\/div>\n\t\t\t\t<\/div>\n\t\t\t\t\t<\/div>\n\t\t\t\t<\/div>\n\t\t\t\t\t<\/div>\n\t\t\t\t<\/div>\n\t\t<div class=\"elementor-element elementor-element-634869c e-flex e-con-boxed e-con e-parent\" data-id=\"634869c\" data-element_type=\"container\" data-e-type=\"container\">\n\t\t\t\t\t<div class=\"e-con-inner\">\n\t\t\t\t<div class=\"elementor-element elementor-element-efbc692 elementor-widget elementor-widget-heading\" data-id=\"efbc692\" data-element_type=\"widget\" data-e-type=\"widget\" data-widget_type=\"heading.default\">\n\t\t\t\t<div class=\"elementor-widget-container\">\n\t\t\t\t\t<h2 class=\"elementor-heading-title elementor-size-xl\">Estela Golf  Restaurante<\/h2>\t\t\t\t<\/div>\n\t\t\t\t<\/div>\n\t\t\t\t\t<\/div>\n\t\t\t\t<\/div>\n\t\t<div class=\"elementor-element elementor-element-0f3b103 e-flex e-con-boxed e-con e-parent\" data-id=\"0f3b103\" data-element_type=\"container\" data-e-type=\"container\">\n\t\t\t\t\t<div class=\"e-con-inner\">\n\t\t<div class=\"elementor-element elementor-element-7b14419 e-con-full e-flex e-con e-child\" data-id=\"7b14419\" data-element_type=\"container\" data-e-type=\"container\">\n\t\t\t\t<div class=\"elementor-element elementor-element-b9edfd4 elementor-hidden-mobile elementor-widget elementor-widget-image\" data-id=\"b9edfd4\" data-element_type=\"widget\" data-e-type=\"widget\" data-widget_type=\"image.default\">\n\t\t\t\t<div class=\"elementor-widget-container\">\n\t\t\t\t\t\t\t\t\t\t\t\t\t\t\t<img decoding=\"async\" width=\"699\" height=\"530\" src=\"https:\/\/estelaclub.com\/wp-content\/uploads\/2023\/11\/restaurant-modal-Copia.jpg\" class=\"attachment-large size-large wp-image-2691\" alt=\"\" srcset=\"https:\/\/estelaclub.com\/wp-content\/uploads\/2023\/11\/restaurant-modal-Copia.jpg 699w, https:\/\/estelaclub.com\/wp-content\/uploads\/2023\/11\/restaurant-modal-Copia-300x227.jpg 300w, https:\/\/estelaclub.com\/wp-content\/uploads\/2023\/11\/restaurant-modal-Copia-230x174.jpg 230w, https:\/\/estelaclub.com\/wp-content\/uploads\/2023\/11\/restaurant-modal-Copia-350x265.jpg 350w, https:\/\/estelaclub.com\/wp-content\/uploads\/2023\/11\/restaurant-modal-Copia-480x364.jpg 480w\" sizes=\"(max-width: 699px) 100vw, 699px\" \/>\t\t\t\t\t\t\t\t\t\t\t\t\t\t\t<\/div>\n\t\t\t\t<\/div>\n\t\t\t\t<\/div>\n\t\t<div class=\"elementor-element elementor-element-d188d9a e-flex e-con-boxed e-con e-child\" data-id=\"d188d9a\" data-element_type=\"container\" data-e-type=\"container\" data-settings=\"{&quot;background_background&quot;:&quot;classic&quot;}\">\n\t\t\t\t\t<div class=\"e-con-inner\">\n\t\t\t\t<div class=\"elementor-element elementor-element-62f99f7 elementor-widget elementor-widget-text-editor\" data-id=\"62f99f7\" data-element_type=\"widget\" data-e-type=\"widget\" data-widget_type=\"text-editor.default\">\n\t\t\t\t<div class=\"elementor-widget-container\">\n\t\t\t\t\t\t\t\t\t<p>Com janelas que se abrem para o Oceano Atl\u00e2ntico, o restaurante do Estela Golf Club, situado no bonito Club House do campo, \u00e9 o local perfeito para uma refei\u00e7\u00e3o descontra\u00edda e saborosa. \u00e9 um espa\u00e7o acolhedor, repleto de bom gosto e onde a tradi\u00e7\u00e3o se mant\u00e9m. No Estela Golf primamos por um servi\u00e7o atencioso, personalizado e cuidado, but relaxed.<\/p><p>Para al\u00e9m do servi\u00e7o normal de refei\u00e7\u00f5es, o espe\u00e7o pode ser solicitado pelos nossos s\u00f3cios para a realiza\u00e7\u00e3o de eventos.<\/p><p>Para os dias mais quentes, a esplanada, que se abre para o imenso Oceano Atl\u00e2ntico e para o Putting Green, revela-se a op\u00e7\u00e3o perfeita.<\/p><p><span style=\"text-decoration: underline;\"><strong>A Gastronomia<\/strong><\/span><\/p><p>Simplicidade e sabor definem o menu dispon\u00edvel no Restaurante do Estela Golf Club. Trata-se de uma gastronomia regional, com mat\u00e9ria-prima local, que vai desde o peixe do nosso mar at\u00e9 \u00e0s hort\u00edcolas das masseiras da Estela.<\/p>\t\t\t\t\t\t\t\t<\/div>\n\t\t\t\t<\/div>\n\t\t\t\t\t<\/div>\n\t\t\t\t<\/div>\n\t\t\t\t\t<\/div>\n\t\t\t\t<\/div>\n\t\t<div class=\"elementor-element elementor-element-fd1a0ab e-flex e-con-boxed e-con e-parent\" data-id=\"fd1a0ab\" data-element_type=\"container\" data-e-type=\"container\">\n\t\t\t\t\t<div class=\"e-con-inner\">\n\t\t\t\t<div class=\"elementor-element elementor-element-dfa881e elementor-widget elementor-widget-heading\" data-id=\"dfa881e\" data-element_type=\"widget\" data-e-type=\"widget\" data-widget_type=\"heading.default\">\n\t\t\t\t<div class=\"elementor-widget-container\">\n\t\t\t\t\t<h2 class=\"elementor-heading-title elementor-size-xl\">Driving Range<\/h2>\t\t\t\t<\/div>\n\t\t\t\t<\/div>\n\t\t\t\t\t<\/div>\n\t\t\t\t<\/div>\n\t\t<div class=\"elementor-element elementor-element-27529d8 e-flex e-con-boxed e-con e-parent\" data-id=\"27529d8\" data-element_type=\"container\" data-e-type=\"container\">\n\t\t\t\t\t<div class=\"e-con-inner\">\n\t\t<div class=\"elementor-element elementor-element-d576f95 e-flex e-con-boxed e-con e-child\" data-id=\"d576f95\" data-element_type=\"container\" data-e-type=\"container\" data-settings=\"{&quot;background_background&quot;:&quot;classic&quot;}\">\n\t\t\t\t\t<div class=\"e-con-inner\">\n\t\t\t\t<div class=\"elementor-element elementor-element-309d804 elementor-widget elementor-widget-text-editor\" data-id=\"309d804\" data-element_type=\"widget\" data-e-type=\"widget\" data-widget_type=\"text-editor.default\">\n\t\t\t\t<div class=\"elementor-widget-container\">\n\t\t\t\t\t\t\t\t\t<p>O Driving Range do Estela Golf Club\u00e9 o local ideal para aperfei\u00e7oar o seu swing visto que oferece condi\u00e7\u00f5es pr\u00f3ximas \u00e0s que encontrar\u00e1 em campo. Ao longo dos 400m do Driving Range est\u00e3o disponiveis cerca de 12 slots em relva e 6 slots cobertas, onde poder\u00e1 treinar as suas tacadas.<\/p><p>Hor\u00e1rio de Funcionamento:<\/p><p>Seg. a Sexta &#8211; 9h00 \u00e0s 19h00<\/p><p>S\u00e1bado e Domingo &#8211; 8h00 \u00e0s 19h00<\/p>\t\t\t\t\t\t\t\t<\/div>\n\t\t\t\t<\/div>\n\t\t\t\t\t<\/div>\n\t\t\t\t<\/div>\n\t\t<div class=\"elementor-element elementor-element-bb0da81 e-con-full e-flex e-con e-child\" data-id=\"bb0da81\" data-element_type=\"container\" data-e-type=\"container\">\n\t\t\t\t<div class=\"elementor-element elementor-element-c65feab elementor-hidden-mobile elementor-widget elementor-widget-image\" data-id=\"c65feab\" data-element_type=\"widget\" data-e-type=\"widget\" data-widget_type=\"image.default\">\n\t\t\t\t<div class=\"elementor-widget-container\">\n\t\t\t\t\t\t\t\t\t\t\t\t\t\t\t<img decoding=\"async\" width=\"699\" height=\"530\" src=\"https:\/\/estelaclub.com\/wp-content\/uploads\/2023\/11\/driving-range-modal.jpg\" class=\"attachment-large size-large wp-image-2692\" alt=\"\" srcset=\"https:\/\/estelaclub.com\/wp-content\/uploads\/2023\/11\/driving-range-modal.jpg 699w, https:\/\/estelaclub.com\/wp-content\/uploads\/2023\/11\/driving-range-modal-300x227.jpg 300w, https:\/\/estelaclub.com\/wp-content\/uploads\/2023\/11\/driving-range-modal-230x174.jpg 230w, https:\/\/estelaclub.com\/wp-content\/uploads\/2023\/11\/driving-range-modal-350x265.jpg 350w, https:\/\/estelaclub.com\/wp-content\/uploads\/2023\/11\/driving-range-modal-480x364.jpg 480w\" sizes=\"(max-width: 699px) 100vw, 699px\" \/>\t\t\t\t\t\t\t\t\t\t\t\t\t\t\t<\/div>\n\t\t\t\t<\/div>\n\t\t\t\t<\/div>\n\t\t\t\t\t<\/div>\n\t\t\t\t<\/div>\n\t\t\t\t<\/div>","protected":false},"excerpt":{"rendered":"<p>Estela Golf Shop A Loja do Estela Golfe localiza-se no interior do Club House e \u00e9 um espa\u00e7o de passagem obrigat\u00f3ria, uma vez que \u00e9 [&hellip;]<\/p>\n","protected":false},"author":4,"featured_media":0,"parent":0,"menu_order":0,"comment_status":"closed","ping_status":"closed","template":"","meta":{"footnotes":""},"class_list":["post-2687","page","type-page","status-publish","hentry"],"_links":{"self":[{"href":"https:\/\/estelaclub.com\/en\/wp-json\/wp\/v2\/pages\/2687","targetHints":{"allow":["GET"]}}],"collection":[{"href":"https:\/\/estelaclub.com\/en\/wp-json\/wp\/v2\/pages"}],"about":[{"href":"https:\/\/estelaclub.com\/en\/wp-json\/wp\/v2\/types\/page"}],"author":[{"embeddable":true,"href":"https:\/\/estelaclub.com\/en\/wp-json\/wp\/v2\/users\/4"}],"replies":[{"embeddable":true,"href":"https:\/\/estelaclub.com\/en\/wp-json\/wp\/v2\/comments?post=2687"}],"version-history":[{"count":0,"href":"https:\/\/estelaclub.com\/en\/wp-json\/wp\/v2\/pages\/2687\/revisions"}],"wp:attachment":[{"href":"https:\/\/estelaclub.com\/en\/wp-json\/wp\/v2\/media?parent=2687"}],"curies":[{"name":"wp","href":"https:\/\/api.w.org\/{rel}","templated":true}]}}