{"id":2489,"date":"2023-10-25T17:58:26","date_gmt":"2023-10-25T17:58:26","guid":{"rendered":"https:\/\/estelaclub.com\/?page_id=2489"},"modified":"2025-12-21T10:56:16","modified_gmt":"2025-12-21T10:56:16","slug":"historia","status":"publish","type":"page","link":"https:\/\/estelaclub.com\/en\/historia\/","title":{"rendered":"History"},"content":{"rendered":"\t\t<div data-elementor-type=\"wp-page\" data-elementor-id=\"2489\" class=\"elementor elementor-2489\" data-elementor-post-type=\"page\">\n\t\t\t\t<div class=\"elementor-element elementor-element-10c29f8 e-con-full elementor-hidden-mobile e-flex e-con e-parent\" data-id=\"10c29f8\" data-element_type=\"container\" data-e-type=\"container\" data-settings=\"{&quot;background_background&quot;:&quot;slideshow&quot;,&quot;background_slideshow_gallery&quot;:[{&quot;id&quot;:2519,&quot;url&quot;:&quot;https:\\\/\\\/estelaclub.com\\\/wp-content\\\/uploads\\\/2023\\\/10\\\/Moinho-Estela-Golf.jpg&quot;}],&quot;background_slideshow_loop&quot;:&quot;yes&quot;,&quot;background_slideshow_slide_duration&quot;:5000,&quot;background_slideshow_slide_transition&quot;:&quot;fade&quot;,&quot;background_slideshow_transition_duration&quot;:500}\">\n\t\t<div class=\"elementor-element elementor-element-022323e e-flex e-con-boxed e-con e-child\" data-id=\"022323e\" data-element_type=\"container\" data-e-type=\"container\">\n\t\t\t\t\t<div class=\"e-con-inner\">\n\t\t\t\t<div class=\"elementor-element elementor-element-cfa726a elementor-widget__width-initial elementor-widget elementor-widget-heading\" data-id=\"cfa726a\" data-element_type=\"widget\" data-e-type=\"widget\" data-widget_type=\"heading.default\">\n\t\t\t\t<div class=\"elementor-widget-container\">\n\t\t\t\t\t<h2 class=\"elementor-heading-title elementor-size-default\">um clube com hist\u00f3ria,\n\nnum campo magnifico!<\/h2>\t\t\t\t<\/div>\n\t\t\t\t<\/div>\n\t\t\t\t\t<\/div>\n\t\t\t\t<\/div>\n\t\t\t\t<\/div>\n\t\t<div class=\"elementor-element elementor-element-4d9f5cb e-con-full e-flex e-con e-parent\" data-id=\"4d9f5cb\" data-element_type=\"container\" data-e-type=\"container\">\n\t\t\t\t<div class=\"elementor-element elementor-element-4f72045 elementor-widget elementor-widget-heading\" data-id=\"4f72045\" data-element_type=\"widget\" data-e-type=\"widget\" data-widget_type=\"heading.default\">\n\t\t\t\t<div class=\"elementor-widget-container\">\n\t\t\t\t\t<h2 class=\"elementor-heading-title elementor-size-large\">estela golf club<\/h2>\t\t\t\t<\/div>\n\t\t\t\t<\/div>\n\t\t\t\t<div class=\"elementor-element elementor-element-a745433 elementor-drop-cap-yes elementor-drop-cap-view-default elementor-widget elementor-widget-text-editor\" data-id=\"a745433\" data-element_type=\"widget\" data-e-type=\"widget\" data-settings=\"{&quot;drop_cap&quot;:&quot;yes&quot;}\" data-widget_type=\"text-editor.default\">\n\t\t\t\t<div class=\"elementor-widget-container\">\n\t\t\t\t\t\t\t\t\t<p style=\"text-align: left;\">A hist\u00f3ria do Campo de Golfe da Estela, desenhado pelo arquiteto Duarte Sotto- Mayor, est\u00e1 intimamente ligada ao Estela Golf Club.<\/p><p>Fundado em 27 de outubro de 1987, o Estela Golf Club foi a concretiza\u00e7\u00e3o de um sonho de v\u00e1rios golfistas e simpatizantes, fundamentalmente interpretado por uma pl\u00eaiade de industriais do Norte do pa\u00eds que almejavam trazer a pr\u00e1tica de Golf para uma regi\u00e3o carente de instala\u00e7\u00f5es para o efeito.<\/p><p>Foi, \u00e0 altura, l\u00edder da iniciativa, e seu primeiro Presidente, Adalberto Neiva de Oliveira, que com Jorge Quintas, Alberto Quintas Mendes e a colabora\u00e7\u00e3o de Bernardino Leite de Faria e outros, com destaque para o inesquec\u00edvel suporte do grande industrial e filantropo poveiro, Nelson Quintas, conseguiram, apesar de contrariedades e incompreens\u00f5es v\u00e1rias, fazer com que o Clube viesse animar o Campo de Golfe do Estela.<\/p><p>Posteriormente, em 1997, aqueles fundadores, conjuntamente com Ant\u00f3nio Falc\u00e3o e Amadeu Ferreira, compraram \u00e0 Sopete, S.A. uma posi\u00e7\u00e3o maiorit\u00e1ria que foi, por igual, dividida por todos os s\u00f3cios do Clube que quiseram aderir, surgindo, assim, o Estela Golf, S.A.<\/p><p>Anos mais tarde, por v\u00e1rias raz\u00f5es, designadamente de obras de remodela\u00e7\u00e3o e da conten\u00e7\u00e3o da eros\u00e3o mar\u00edtima, houve um aumento do capital, conduzindo \u00e0 altera\u00e7\u00e3o dos Estatutos que levou \u00e0 dominialidade maiorit\u00e1ria, interpretada, hoje, pelo Estela Golf &#8211; Atividades Desportivas e Tur\u00edsticas, S.A. sob a Presid\u00eancia do s\u00f3cio, Jorge Nelson Ferreira de Aguiar Quintas.<\/p><p>O Estela Golf Clube, atualmente presidido, novamente, pelo s\u00f3cio fundador, Adalberto Neiva de Oliveira, vem ao longo do tempo a ser anfitri\u00e3o de v\u00e1rias competi\u00e7\u00f5es nacionais e internacionais de reconhecido prest\u00edgio.<\/p><p>Do calend\u00e1rio nacional, destacam-se todas as provas da Federa\u00e7\u00e3o Portuguesa de Golfe, o Internacional Open do Atl\u00e2ntico Vinho Verde em 1990, o Open de Portugal em 1991, a Gala do Golf em 1994, o XIII Campeonato Europeu de Seniores em 1994, o European Club Cup Trophy Men, em 2010.<\/p><p><span style=\"color: #636363; font-family: 'Minion W08 Regular_1167271'; font-size: 18px; background-color: #fefefe;\">Entretanto, o Estela Golf Club tem perspectivadas provas de interesse e relevo, como o Campeonato Nacional de Interclubes, sendo que prossegue a sua afirma\u00e7\u00e3o cont\u00ednua no sentido de atrair novos torneios, mais praticantes, com especial \u00eanfase na forma\u00e7\u00e3o de jovens.<\/span><br style=\"padding: 0px; margin: 0px; color: #636363; font-family: 'Minion W08 Regular_1167271'; font-size: 18px; background-color: #fefefe;\" \/><br style=\"padding: 0px; margin: 0px; color: #636363; font-family: 'Minion W08 Regular_1167271'; font-size: 18px; background-color: #fefefe;\" \/><span style=\"color: #636363; font-family: 'Minion W08 Regular_1167271'; font-size: 18px; background-color: #fefefe;\">De real\u00e7ar, ainda, a sua integra\u00e7\u00e3o din\u00e2mica no panorama Ib\u00e9rico, em especial com os clubes perif\u00e9ricos da Galiza e Leon, e a sua tend\u00eancia crescente para atrair cada vez mais golfistas de outros pa\u00edses, em especial, europeus.<\/span><\/p>\t\t\t\t\t\t\t\t<\/div>\n\t\t\t\t<\/div>\n\t\t\t\t<\/div>\n\t\t<div class=\"elementor-element elementor-element-31a923b e-flex e-con-boxed e-con e-parent\" data-id=\"31a923b\" data-element_type=\"container\" data-e-type=\"container\">\n\t\t\t\t\t<div class=\"e-con-inner\">\n\t\t\t\t<div class=\"elementor-element elementor-element-e493498 elementor-widget elementor-widget-heading\" data-id=\"e493498\" data-element_type=\"widget\" data-e-type=\"widget\" data-widget_type=\"heading.default\">\n\t\t\t\t<div class=\"elementor-widget-container\">\n\t\t\t\t\t<h2 class=\"elementor-heading-title elementor-size-large\">Um percurso apraz\u00edvel rodeado pelo Oceano.<\/h2>\t\t\t\t<\/div>\n\t\t\t\t<\/div>\n\t\t\t\t<div class=\"elementor-element elementor-element-60a2141 elementor-widget elementor-widget-image\" data-id=\"60a2141\" data-element_type=\"widget\" data-e-type=\"widget\" data-widget_type=\"image.default\">\n\t\t\t\t<div class=\"elementor-widget-container\">\n\t\t\t\t\t\t\t\t\t\t\t\t\t\t\t<img fetchpriority=\"high\" decoding=\"async\" width=\"768\" height=\"432\" src=\"https:\/\/estelaclub.com\/wp-content\/uploads\/2023\/10\/Ponte-Estela.webp\" class=\"attachment-medium_large size-medium_large wp-image-2555\" alt=\"Golf in Portugal\" srcset=\"https:\/\/estelaclub.com\/wp-content\/uploads\/2023\/10\/Ponte-Estela.webp 768w, https:\/\/estelaclub.com\/wp-content\/uploads\/2023\/10\/Ponte-Estela-300x169.webp 300w, https:\/\/estelaclub.com\/wp-content\/uploads\/2023\/10\/Ponte-Estela-230x129.webp 230w, https:\/\/estelaclub.com\/wp-content\/uploads\/2023\/10\/Ponte-Estela-350x197.webp 350w, https:\/\/estelaclub.com\/wp-content\/uploads\/2023\/10\/Ponte-Estela-480x270.webp 480w\" sizes=\"(max-width: 768px) 100vw, 768px\" \/>\t\t\t\t\t\t\t\t\t\t\t\t\t\t\t<\/div>\n\t\t\t\t<\/div>\n\t\t\t\t\t<\/div>\n\t\t\t\t<\/div>\n\t\t<div class=\"elementor-element elementor-element-c1ce88d e-flex e-con-boxed e-con e-parent\" data-id=\"c1ce88d\" data-element_type=\"container\" data-e-type=\"container\" data-settings=\"{&quot;background_background&quot;:&quot;slideshow&quot;,&quot;background_slideshow_gallery&quot;:[],&quot;background_slideshow_loop&quot;:&quot;yes&quot;,&quot;background_slideshow_slide_duration&quot;:5000,&quot;background_slideshow_slide_transition&quot;:&quot;fade&quot;,&quot;background_slideshow_transition_duration&quot;:500}\">\n\t\t\t\t\t<div class=\"e-con-inner\">\n\t\t\t\t<div class=\"elementor-element elementor-element-f209c8b elementor-drop-cap-yes elementor-drop-cap-view-default elementor-widget elementor-widget-text-editor\" data-id=\"f209c8b\" data-element_type=\"widget\" data-e-type=\"widget\" data-settings=\"{&quot;drop_cap&quot;:&quot;yes&quot;}\" data-widget_type=\"text-editor.default\">\n\t\t\t\t<div class=\"elementor-widget-container\">\n\t\t\t\t\t\t\t\t\t<p style=\"text-align: left;\">Constitu\u00eddo por um links, com 62 hectares de \u00e1rea numa extens\u00e3o de cerca de 3,5Km, conforto e beleza da sua Club House, com uma cozinha tradicional e aut\u00eantica da sua restaura\u00e7\u00e3o, cativam os seus in\u00fameros visitantes que, s\u00f3 no ano de 2018, ultrapassaram os dez mil<\/p>\t\t\t\t\t\t\t\t<\/div>\n\t\t\t\t<\/div>\n\t\t\t\t\t<\/div>\n\t\t\t\t<\/div>\n\t\t<div class=\"elementor-element elementor-element-b6e4edb e-flex e-con-boxed e-con e-parent\" data-id=\"b6e4edb\" data-element_type=\"container\" data-e-type=\"container\">\n\t\t\t\t\t<div class=\"e-con-inner\">\n\t\t<div class=\"elementor-element elementor-element-d36538e e-flex e-con-boxed e-con e-child\" data-id=\"d36538e\" data-element_type=\"container\" data-e-type=\"container\" data-settings=\"{&quot;background_background&quot;:&quot;classic&quot;}\">\n\t\t\t\t\t<div class=\"e-con-inner\">\n\t\t\t\t<div class=\"elementor-element elementor-element-e9de230 elementor-widget elementor-widget-heading\" data-id=\"e9de230\" data-element_type=\"widget\" data-e-type=\"widget\" data-widget_type=\"heading.default\">\n\t\t\t\t<div class=\"elementor-widget-container\">\n\t\t\t\t\t<h2 class=\"elementor-heading-title elementor-size-large\">51\u00ba melhor campo de golfe da europa<\/h2>\t\t\t\t<\/div>\n\t\t\t\t<\/div>\n\t\t\t\t<div class=\"elementor-element elementor-element-6a1d246 elementor-widget elementor-widget-text-editor\" data-id=\"6a1d246\" data-element_type=\"widget\" data-e-type=\"widget\" data-widget_type=\"text-editor.default\">\n\t\t\t\t<div class=\"elementor-widget-container\">\n\t\t\t\t\t\t\t\t\t<p>Portugal foi eleito o melhor destino mundial de golfe em 2023 nos World Golf Awards. O Estela Golf, classificado como o 51\u00ba melhor campo de golfe na Europa, destaca-se como uma joia \u00fanica, oferecendo desafios estrat\u00e9gicos e uma atmosfera cativante. Situado nas margens do Atl\u00e2ntico, \u00e9 uma contribui\u00e7\u00e3o not\u00e1vel para a reputa\u00e7\u00e3o de Portugal como destino de golfe de excel\u00eancia.<\/p>\t\t\t\t\t\t\t\t<\/div>\n\t\t\t\t<\/div>\n\t\t\t\t\t<\/div>\n\t\t\t\t<\/div>\n\t\t<div class=\"elementor-element elementor-element-34dc556 e-flex e-con-boxed e-con e-child\" data-id=\"34dc556\" data-element_type=\"container\" data-e-type=\"container\" data-settings=\"{&quot;background_background&quot;:&quot;classic&quot;}\">\n\t\t\t\t\t<div class=\"e-con-inner\">\n\t\t\t\t<div class=\"elementor-element elementor-element-d442ba7 elementor-widget elementor-widget-heading\" data-id=\"d442ba7\" data-element_type=\"widget\" data-e-type=\"widget\" data-widget_type=\"heading.default\">\n\t\t\t\t<div class=\"elementor-widget-container\">\n\t\t\t\t\t<h2 class=\"elementor-heading-title elementor-size-large\">Clube do Ano pela federa\u00e7\u00e3o portuguesa de golfe<\/h2>\t\t\t\t<\/div>\n\t\t\t\t<\/div>\n\t\t\t\t<div class=\"elementor-element elementor-element-c4123d2 elementor-widget elementor-widget-text-editor\" data-id=\"c4123d2\" data-element_type=\"widget\" data-e-type=\"widget\" data-widget_type=\"text-editor.default\">\n\t\t\t\t<div class=\"elementor-widget-container\">\n\t\t\t\t\t\t\t\t\t<p>O \u00faltimo grande motivo de orgulho para o Estela Golf Club foi a elei\u00e7\u00e3o do seu campo, em 2016, como o 5\u00ba Melhor Campo de Golfe em Portugal, pela Golf Digest.\u00a0<span style=\"text-align: var(--text-align);\">Venha comprovar porqu\u00ea!<\/span><\/p><p><a href=\"https:\/\/estelaclub.com\/estela-golf-course\/\">Saiba mais sobre o campo!<\/a><\/p><p><a href=\"https:\/\/estelaclub.com\/clubhouse\/\">As nossas Instala\u00e7\u00f5es!<\/a><\/p>\t\t\t\t\t\t\t\t<\/div>\n\t\t\t\t<\/div>\n\t\t\t\t\t<\/div>\n\t\t\t\t<\/div>\n\t\t<div class=\"elementor-element elementor-element-b8606d2 e-flex e-con-boxed e-con e-child\" data-id=\"b8606d2\" data-element_type=\"container\" data-e-type=\"container\" data-settings=\"{&quot;background_background&quot;:&quot;classic&quot;}\">\n\t\t\t\t\t<div class=\"e-con-inner\">\n\t\t\t\t<div class=\"elementor-element elementor-element-b4c8e6a elementor-widget elementor-widget-heading\" data-id=\"b4c8e6a\" data-element_type=\"widget\" data-e-type=\"widget\" data-widget_type=\"heading.default\">\n\t\t\t\t<div class=\"elementor-widget-container\">\n\t\t\t\t\t<h2 class=\"elementor-heading-title elementor-size-large\">5\u00ba melhor campo de golfe em portugal<\/h2>\t\t\t\t<\/div>\n\t\t\t\t<\/div>\n\t\t\t\t<div class=\"elementor-element elementor-element-c80c2d8 elementor-widget elementor-widget-text-editor\" data-id=\"c80c2d8\" data-element_type=\"widget\" data-e-type=\"widget\" data-widget_type=\"text-editor.default\">\n\t\t\t\t<div class=\"elementor-widget-container\">\n\t\t\t\t\t\t\t\t\t<p>As distin\u00e7\u00f5es tamb\u00e9m n\u00e3o t\u00eam faltado na sua hist\u00f3ria. Em 2003 e em 2009 foi eleito Clube do Ano pela Federa\u00e7\u00e3o Portuguesa de Golfe, tendo recebido o Trof\u00e9u Visconde Pereira Machado.<br \/><br \/>A \u00e9tica a os princ\u00edpios subjacentes \u00e0 boa pr\u00e1tica do golfe t\u00eam estado sempre presentes ao longo da sua hist\u00f3ria, continuando atualmente a observar-se as regras de golfe.<\/p>\t\t\t\t\t\t\t\t<\/div>\n\t\t\t\t<\/div>\n\t\t\t\t\t<\/div>\n\t\t\t\t<\/div>\n\t\t\t\t\t<\/div>\n\t\t\t\t<\/div>\n\t\t<div class=\"elementor-element elementor-element-c8e742b e-flex e-con-boxed e-con e-parent\" data-id=\"c8e742b\" data-element_type=\"container\" data-e-type=\"container\">\n\t\t\t\t\t<div class=\"e-con-inner\">\n\t\t<div class=\"elementor-element elementor-element-905ade1 e-flex e-con-boxed e-con e-child\" data-id=\"905ade1\" data-element_type=\"container\" data-e-type=\"container\">\n\t\t\t\t\t<div class=\"e-con-inner\">\n\t\t\t\t<div class=\"elementor-element elementor-element-0d926dd elementor-widget elementor-widget-heading\" data-id=\"0d926dd\" data-element_type=\"widget\" data-e-type=\"widget\" data-widget_type=\"heading.default\">\n\t\t\t\t<div class=\"elementor-widget-container\">\n\t\t\t\t\t<h2 class=\"elementor-heading-title elementor-size-large\">Torne-se s\u00f3cio<\/h2>\t\t\t\t<\/div>\n\t\t\t\t<\/div>\n\t\t\t\t<div class=\"elementor-element elementor-element-6766b34 elementor-widget elementor-widget-text-editor\" data-id=\"6766b34\" data-element_type=\"widget\" data-e-type=\"widget\" data-widget_type=\"text-editor.default\">\n\t\t\t\t<div class=\"elementor-widget-container\">\n\t\t\t\t\t\t\t\t\t<p style=\"text-align: center;\"><span class=\"lightgrey size20 minion-mediumit\" style=\"padding: 0px; margin: 0px; line-height: inherit; font-family: MinionW08-MediumItalic; color: #9b9b9b; font-size: 1.25em; background-color: #fefefe;\">Instala\u00e7\u00f5es fant\u00e1sticas para treinar e descansar<\/span><\/p>\t\t\t\t\t\t\t\t<\/div>\n\t\t\t\t<\/div>\n\t\t\t\t<div class=\"elementor-element elementor-element-4e78ddb elementor-widget elementor-widget-text-editor\" data-id=\"4e78ddb\" data-element_type=\"widget\" data-e-type=\"widget\" data-widget_type=\"text-editor.default\">\n\t\t\t\t<div class=\"elementor-widget-container\">\n\t\t\t\t\t\t\t\t\t<p class=\"mt-px20\" style=\"padding: 0px; margin: 1.25em 0px 0px; font-size: 1.125em; line-height: 1.4em; text-rendering: optimizelegibility; border: 0px; font-family: 'Minion W08 Regular_1167271'; color: #636363; background-color: #fefefe;\">Torne-se s\u00f3cio do Estela Golf Club e comece desde j\u00e1 a usufruir de in\u00fameras vantagens, como a manuten\u00e7\u00e3o da licen\u00e7a e handicap ativos, descontos e promo\u00e7\u00f5es em produtos ou servi\u00e7os nossos e dos nossos parceiros, entre outras in\u00fameras regalias.<br style=\"padding: 0px; margin: 0px;\" \/>As vantagens s\u00e3o, assim, imensas:<\/p><ul><li class=\"mt-px20\" style=\"font-size: 1.125em; line-height: 1.4em; text-rendering: optimizelegibility; border: 0px; font-family: 'Minion W08 Regular_1167271'; color: #636363; background-color: #fefefe;\">Acesso ilimitado ao campo;<\/li><li>Desconto no aluguer de material de golfe, como buggies, fichas, entre outros;<\/li><li>Prioridade e desconto na inscri\u00e7\u00e3o de torneios internos;<\/li><li>Descontos nas mensalidades das escolas para juniores;<\/li><li>Um cart\u00e3o CNIG por ano que possibilita jogar em 43 campos de golfe em Portugal;<\/li><li>Apoio do profissional de golfe;<\/li><li>Possibilidade de manter o material de golfe guardado no clube;<\/li><li>Acesso \u00e0 praia.<\/li><\/ul><div>\u00a0<\/div><div><a href=\"https:\/\/estelaclub.com\/wp-content\/uploads\/2025\/12\/Quotas-2026.pdf\">Quotas<\/a><\/div>\t\t\t\t\t\t\t\t<\/div>\n\t\t\t\t<\/div>\n\t\t\t\t\t<\/div>\n\t\t\t\t<\/div>\n\t\t<div class=\"elementor-element elementor-element-97b4dd8 e-flex e-con-boxed e-con e-child\" data-id=\"97b4dd8\" data-element_type=\"container\" data-e-type=\"container\">\n\t\t\t\t\t<div class=\"e-con-inner\">\n\t\t\t\t<div class=\"elementor-element elementor-element-893eabb elementor-hidden-mobile elementor-widget elementor-widget-image\" data-id=\"893eabb\" data-element_type=\"widget\" data-e-type=\"widget\" data-widget_type=\"image.default\">\n\t\t\t\t<div class=\"elementor-widget-container\">\n\t\t\t\t\t\t\t\t\t\t\t\t\t\t\t<img decoding=\"async\" width=\"1024\" height=\"683\" src=\"https:\/\/estelaclub.com\/wp-content\/uploads\/2023\/04\/estela-golf-club-cover-1024x683.png\" class=\"attachment-large size-large wp-image-85\" alt=\"\" srcset=\"https:\/\/estelaclub.com\/wp-content\/uploads\/2023\/04\/estela-golf-club-cover-1024x683.png 1024w, https:\/\/estelaclub.com\/wp-content\/uploads\/2023\/04\/estela-golf-club-cover-300x200.png 300w, https:\/\/estelaclub.com\/wp-content\/uploads\/2023\/04\/estela-golf-club-cover-768x512.png 768w, https:\/\/estelaclub.com\/wp-content\/uploads\/2023\/04\/estela-golf-club-cover-1536x1024.png 1536w, https:\/\/estelaclub.com\/wp-content\/uploads\/2023\/04\/estela-golf-club-cover-1000x667.png 1000w, https:\/\/estelaclub.com\/wp-content\/uploads\/2023\/04\/estela-golf-club-cover-230x153.png 230w, https:\/\/estelaclub.com\/wp-content\/uploads\/2023\/04\/estela-golf-club-cover-350x233.png 350w, https:\/\/estelaclub.com\/wp-content\/uploads\/2023\/04\/estela-golf-club-cover-480x320.png 480w, https:\/\/estelaclub.com\/wp-content\/uploads\/2023\/04\/estela-golf-club-cover-760x507.png 760w, https:\/\/estelaclub.com\/wp-content\/uploads\/2023\/04\/estela-golf-club-cover-370x247.png 370w, https:\/\/estelaclub.com\/wp-content\/uploads\/2023\/04\/estela-golf-club-cover.png 1920w\" sizes=\"(max-width: 1024px) 100vw, 1024px\" \/>\t\t\t\t\t\t\t\t\t\t\t\t\t\t\t<\/div>\n\t\t\t\t<\/div>\n\t\t\t\t\t<\/div>\n\t\t\t\t<\/div>\n\t\t\t\t\t<\/div>\n\t\t\t\t<\/div>\n\t\t\t\t<\/div>\n\t\t","protected":false},"excerpt":{"rendered":"<p>um clube com hist\u00f3ria, num campo magnifico! estela golf club A hist\u00f3ria do Campo de Golfe da Estela, desenhado pelo arquiteto Duarte Sotto- Mayor, est\u00e1 [&hellip;]<\/p>\n","protected":false},"author":4,"featured_media":0,"parent":0,"menu_order":0,"comment_status":"closed","ping_status":"closed","template":"","meta":{"footnotes":""},"class_list":["post-2489","page","type-page","status-publish","hentry"],"_links":{"self":[{"href":"https:\/\/estelaclub.com\/en\/wp-json\/wp\/v2\/pages\/2489","targetHints":{"allow":["GET"]}}],"collection":[{"href":"https:\/\/estelaclub.com\/en\/wp-json\/wp\/v2\/pages"}],"about":[{"href":"https:\/\/estelaclub.com\/en\/wp-json\/wp\/v2\/types\/page"}],"author":[{"embeddable":true,"href":"https:\/\/estelaclub.com\/en\/wp-json\/wp\/v2\/users\/4"}],"replies":[{"embeddable":true,"href":"https:\/\/estelaclub.com\/en\/wp-json\/wp\/v2\/comments?post=2489"}],"version-history":[{"count":6,"href":"https:\/\/estelaclub.com\/en\/wp-json\/wp\/v2\/pages\/2489\/revisions"}],"predecessor-version":[{"id":6683,"href":"https:\/\/estelaclub.com\/en\/wp-json\/wp\/v2\/pages\/2489\/revisions\/6683"}],"wp:attachment":[{"href":"https:\/\/estelaclub.com\/en\/wp-json\/wp\/v2\/media?parent=2489"}],"curies":[{"name":"wp","href":"https:\/\/api.w.org\/{rel}","templated":true}]}}