{"id":2316,"date":"2023-10-23T15:18:29","date_gmt":"2023-10-23T15:18:29","guid":{"rendered":"https:\/\/estelaclub.com\/?page_id=2316"},"modified":"2026-02-24T14:27:39","modified_gmt":"2026-02-24T14:27:39","slug":"aulas-de-golfe","status":"publish","type":"page","link":"https:\/\/estelaclub.com\/en\/aulas-de-golfe\/","title":{"rendered":"Golf Lessons"},"content":{"rendered":"\t\t<div data-elementor-type=\"wp-page\" data-elementor-id=\"2316\" class=\"elementor elementor-2316\" data-elementor-post-type=\"page\">\n\t\t\t\t<div class=\"elementor-element elementor-element-e9ba372 e-con-full e-flex e-con e-parent\" data-id=\"e9ba372\" data-element_type=\"container\" data-e-type=\"container\">\n\t\t<div class=\"elementor-element elementor-element-b19b7fe e-con-full e-flex e-con e-child\" data-id=\"b19b7fe\" data-element_type=\"container\" data-e-type=\"container\">\n\t\t\t\t<div class=\"elementor-element elementor-element-bcf627f elementor-hidden-mobile elementor-widget elementor-widget-image\" data-id=\"bcf627f\" data-element_type=\"widget\" data-e-type=\"widget\" data-widget_type=\"image.default\">\n\t\t\t\t<div class=\"elementor-widget-container\">\n\t\t\t\t\t\t\t\t\t\t\t\t\t\t\t<img fetchpriority=\"high\" decoding=\"async\" width=\"396\" height=\"263\" src=\"https:\/\/estelaclub.com\/wp-content\/uploads\/2023\/10\/Aulas-de-golfe-1.webp\" class=\"attachment-large size-large wp-image-2534\" alt=\"\" srcset=\"https:\/\/estelaclub.com\/wp-content\/uploads\/2023\/10\/Aulas-de-golfe-1.webp 396w, https:\/\/estelaclub.com\/wp-content\/uploads\/2023\/10\/Aulas-de-golfe-1-300x199.webp 300w, https:\/\/estelaclub.com\/wp-content\/uploads\/2023\/10\/Aulas-de-golfe-1-230x153.webp 230w, https:\/\/estelaclub.com\/wp-content\/uploads\/2023\/10\/Aulas-de-golfe-1-350x232.webp 350w\" sizes=\"(max-width: 396px) 100vw, 396px\" \/>\t\t\t\t\t\t\t\t\t\t\t\t\t\t\t<\/div>\n\t\t\t\t<\/div>\n\t\t<div class=\"elementor-element elementor-element-4602438 e-con-full e-flex e-con e-child\" data-id=\"4602438\" data-element_type=\"container\" data-e-type=\"container\" data-settings=\"{&quot;background_background&quot;:&quot;classic&quot;}\">\n\t\t\t\t<div class=\"elementor-element elementor-element-9f65eb1 elementor-align-justify elementor-widget__width-initial elementor-widget elementor-widget-button\" data-id=\"9f65eb1\" data-element_type=\"widget\" data-e-type=\"widget\" data-widget_type=\"button.default\">\n\t\t\t\t<div class=\"elementor-widget-container\">\n\t\t\t\t\t\t\t\t\t<div class=\"elementor-button-wrapper\">\n\t\t\t\t\t<a class=\"elementor-button elementor-button-link elementor-size-sm\" href=\"https:\/\/estelaclub.com\/academia-estela-golf\/\">\n\t\t\t\t\t\t<span class=\"elementor-button-content-wrapper\">\n\t\t\t\t\t\t\t\t\t<span class=\"elementor-button-text\">Aulas de Golfe Estela Golf<\/span>\n\t\t\t\t\t<\/span>\n\t\t\t\t\t<\/a>\n\t\t\t\t<\/div>\n\t\t\t\t\t\t\t\t<\/div>\n\t\t\t\t<\/div>\n\t\t\t\t<\/div>\n\t\t\t\t<\/div>\n\t\t<div class=\"elementor-element elementor-element-e5fc8f5 e-flex e-con-boxed e-con e-child\" data-id=\"e5fc8f5\" data-element_type=\"container\" data-e-type=\"container\">\n\t\t\t\t\t<div class=\"e-con-inner\">\n\t\t\t\t<div class=\"elementor-element elementor-element-013833b elementor-widget elementor-widget-heading\" data-id=\"013833b\" data-element_type=\"widget\" data-e-type=\"widget\" data-widget_type=\"heading.default\">\n\t\t\t\t<div class=\"elementor-widget-container\">\n\t\t\t\t\t<h2 class=\"elementor-heading-title elementor-size-medium\">Descubra o emocionante mundo das aulas de golfe e desbloqueie uma variedade de benef\u00edcios. <\/h2>\t\t\t\t<\/div>\n\t\t\t\t<\/div>\n\t\t\t\t<div class=\"elementor-element elementor-element-2653a7a elementor-widget elementor-widget-text-editor\" data-id=\"2653a7a\" data-element_type=\"widget\" data-e-type=\"widget\" data-widget_type=\"text-editor.default\">\n\t\t\t\t<div class=\"elementor-widget-container\">\n\t\t\t\t\t\t\t\t\t<div class=\"flex-1 overflow-hidden\"><div class=\"react-scroll-to-bottom--css-fqclo-79elbk h-full dark:bg-gray-800\"><div class=\"react-scroll-to-bottom--css-fqclo-1n7m0yu\"><div class=\"flex flex-col text-sm dark:bg-gray-800\"><div class=\"group w-full text-token-text-primary border-b border-black\/10 gizmo:border-0 dark:border-gray-900\/50 gizmo:dark:border-0 bg-gray-50 gizmo:bg-transparent dark:bg-[#444654] gizmo:dark:bg-transparent\" data-testid=\"conversation-turn-9\"><div class=\"p-4 justify-center text-base md:gap-6 md:py-6 m-auto\"><div class=\"flex flex-1 gap-4 text-base mx-auto md:gap-6 gizmo:gap-3 gizmo:md:px-5 gizmo:lg:px-1 gizmo:xl:px-5 md:max-w-2xl lg:max-w-[38rem] gizmo:md:max-w-3xl gizmo:lg:max-w-[40rem] gizmo:xl:max-w-[48rem] xl:max-w-3xl }\"><div class=\"relative flex w-[calc(100%-50px)] flex-col gizmo:w-full lg:w-[calc(100%-115px)] agent-turn\"><div class=\"flex-col gap-1 md:gap-3\"><div class=\"flex flex-grow flex-col gap-3 max-w-full\"><div class=\"min-h-[20px] flex flex-col items-start gap-3 whitespace-pre-wrap break-words overflow-x-auto\"><div class=\"markdown prose w-full break-words dark:prose-invert light\"><p><i>A Academia de Golfe da Estela \u00e9 dirigida a todos os que queiram aperfei\u00e7oar a sua t\u00e9cnica de jogo. Atr\u00e1s de um acompanhamento personalizado de um profissional da PGA, melhoram-se tacadas\u00a0 e estrat\u00e9gias de jogo. A Academia de Golfe Junior da Estela inclui a escola do Estela Golf Club, aberta a todos os jovens entre os 5 e os 18 anos, que queiram aprender a jogar golfe ou a melhorar a sua t\u00e9cnica. As aulas da academia t\u00eam a dura\u00e7\u00e3o de uma hora, com o m\u00e1ximo de 10 jogadores e acontecem sempre durante o fim-de-semana.\u00a0<\/i><\/p><p>Venha aprender connosco e entre o campo mais confiante!<\/p><\/div><p>\u2709 geral@estelagolf.pt<\/p><p>\ud83d\udcde 252 601 567<\/p><\/div><\/div><div class=\"flex justify-between empty:hidden gizmo:justify-start gizmo:gap-3 lg:block\"><div class=\"text-gray-400 flex self-end lg:self-center justify-center gizmo:lg:justify-start mt-2 gizmo:mt-0 visible lg:gap-1 lg:absolute lg:top-0 lg:translate-x-full lg:right-0 lg:mt-0 lg:pl-2 gap-2 md:gap-3\">\u00a0<\/div><\/div><\/div><\/div><\/div><\/div><\/div><\/div><\/div><\/div><\/div>\t\t\t\t\t\t\t\t<\/div>\n\t\t\t\t<\/div>\n\t\t\t\t\t<\/div>\n\t\t\t\t<\/div>\n\t\t\t\t<\/div>\n\t\t\t\t<\/div>\n\t\t","protected":false},"excerpt":{"rendered":"<p>Aulas de Golfe Estela Golf Descubra o emocionante mundo das aulas de golfe e desbloqueie uma variedade de benef\u00edcios. A Academia de Golfe da Estela [&hellip;]<\/p>\n","protected":false},"author":4,"featured_media":0,"parent":0,"menu_order":0,"comment_status":"closed","ping_status":"closed","template":"","meta":{"footnotes":""},"class_list":["post-2316","page","type-page","status-publish","hentry"],"_links":{"self":[{"href":"https:\/\/estelaclub.com\/en\/wp-json\/wp\/v2\/pages\/2316","targetHints":{"allow":["GET"]}}],"collection":[{"href":"https:\/\/estelaclub.com\/en\/wp-json\/wp\/v2\/pages"}],"about":[{"href":"https:\/\/estelaclub.com\/en\/wp-json\/wp\/v2\/types\/page"}],"author":[{"embeddable":true,"href":"https:\/\/estelaclub.com\/en\/wp-json\/wp\/v2\/users\/4"}],"replies":[{"embeddable":true,"href":"https:\/\/estelaclub.com\/en\/wp-json\/wp\/v2\/comments?post=2316"}],"version-history":[{"count":3,"href":"https:\/\/estelaclub.com\/en\/wp-json\/wp\/v2\/pages\/2316\/revisions"}],"predecessor-version":[{"id":6957,"href":"https:\/\/estelaclub.com\/en\/wp-json\/wp\/v2\/pages\/2316\/revisions\/6957"}],"wp:attachment":[{"href":"https:\/\/estelaclub.com\/en\/wp-json\/wp\/v2\/media?parent=2316"}],"curies":[{"name":"wp","href":"https:\/\/api.w.org\/{rel}","templated":true}]}}