{"id":2239,"date":"2023-10-19T13:42:17","date_gmt":"2023-10-19T13:42:17","guid":{"rendered":"https:\/\/estelaclub.com\/?page_id=2239"},"modified":"2023-12-22T15:35:50","modified_gmt":"2023-12-22T15:35:50","slug":"campo","status":"publish","type":"page","link":"https:\/\/estelaclub.com\/en\/campo\/","title":{"rendered":"Course"},"content":{"rendered":"<div data-elementor-type=\"wp-page\" data-elementor-id=\"2239\" class=\"elementor elementor-2239\" data-elementor-post-type=\"page\">\n\t\t\t\t<div class=\"elementor-element elementor-element-62a4235 e-con-full e-flex e-con e-parent\" data-id=\"62a4235\" data-element_type=\"container\" data-e-type=\"container\">\n\t\t\t\t<div class=\"elementor-element elementor-element-faa1c4b elementor-widget elementor-widget-heading\" data-id=\"faa1c4b\" data-element_type=\"widget\" data-e-type=\"widget\" data-widget_type=\"heading.default\">\n\t\t\t\t<div class=\"elementor-widget-container\">\n\t\t\t\t\t<h1 class=\"elementor-heading-title elementor-size-default\">O campo<\/h1>\t\t\t\t<\/div>\n\t\t\t\t<\/div>\n\t\t\t\t<\/div>\n\t\t<div class=\"elementor-element elementor-element-ebcc27a e-con-full e-flex e-con e-parent\" data-id=\"ebcc27a\" data-element_type=\"container\" data-e-type=\"container\">\n\t\t<div class=\"elementor-element elementor-element-5f0bea0 e-con-full e-flex e-con e-child\" data-id=\"5f0bea0\" data-element_type=\"container\" data-e-type=\"container\">\n\t\t\t\t<div class=\"elementor-element elementor-element-1eeeeef elementor-widget elementor-widget-heading\" data-id=\"1eeeeef\" data-element_type=\"widget\" data-e-type=\"widget\" data-widget_type=\"heading.default\">\n\t\t\t\t<div class=\"elementor-widget-container\">\n\t\t\t\t\t<h2 class=\"elementor-heading-title elementor-size-large\">Fairways:<\/h2>\t\t\t\t<\/div>\n\t\t\t\t<\/div>\n\t\t\t\t<div class=\"elementor-element elementor-element-6a813a9 elementor-widget elementor-widget-text-editor\" data-id=\"6a813a9\" data-element_type=\"widget\" data-e-type=\"widget\" data-widget_type=\"text-editor.default\">\n\t\t\t\t<div class=\"elementor-widget-container\">\n\t\t\t\t\t\t\t\t\t<p>The fairways at Estela Golf Club are narrow, especially in the landing areas, and are surrounded by dunes, placing the pressure on the tee shot.<br \/><br \/>Fairway Turf: Tifton Bermuda<\/p><p>\u00a0<\/p>\t\t\t\t\t\t\t\t<\/div>\n\t\t\t\t<\/div>\n\t\t\t\t<\/div>\n\t\t<div class=\"elementor-element elementor-element-5db66b8 e-con-full e-flex e-con e-child\" data-id=\"5db66b8\" data-element_type=\"container\" data-e-type=\"container\">\n\t\t\t\t<div class=\"elementor-element elementor-element-9b592be elementor-hidden-mobile elementor-widget elementor-widget-image\" data-id=\"9b592be\" data-element_type=\"widget\" data-e-type=\"widget\" data-widget_type=\"image.default\">\n\t\t\t\t<div class=\"elementor-widget-container\">\n\t\t\t\t\t\t\t\t\t\t\t\t\t\t\t<img fetchpriority=\"high\" decoding=\"async\" width=\"1024\" height=\"576\" src=\"https:\/\/estelaclub.com\/wp-content\/uploads\/2023\/04\/img03-1024x576.jpg\" class=\"attachment-large size-large wp-image-771\" alt=\"\" srcset=\"https:\/\/estelaclub.com\/wp-content\/uploads\/2023\/04\/img03-1024x576.jpg 1024w, https:\/\/estelaclub.com\/wp-content\/uploads\/2023\/04\/img03-300x169.jpg 300w, https:\/\/estelaclub.com\/wp-content\/uploads\/2023\/04\/img03-768x432.jpg 768w, https:\/\/estelaclub.com\/wp-content\/uploads\/2023\/04\/img03-1536x864.jpg 1536w, https:\/\/estelaclub.com\/wp-content\/uploads\/2023\/04\/img03-1000x563.jpg 1000w, https:\/\/estelaclub.com\/wp-content\/uploads\/2023\/04\/img03-230x129.jpg 230w, https:\/\/estelaclub.com\/wp-content\/uploads\/2023\/04\/img03-350x197.jpg 350w, https:\/\/estelaclub.com\/wp-content\/uploads\/2023\/04\/img03-480x270.jpg 480w, https:\/\/estelaclub.com\/wp-content\/uploads\/2023\/04\/img03-1170x658.jpg 1170w, https:\/\/estelaclub.com\/wp-content\/uploads\/2023\/04\/img03-760x428.jpg 760w, https:\/\/estelaclub.com\/wp-content\/uploads\/2023\/04\/img03-370x208.jpg 370w, https:\/\/estelaclub.com\/wp-content\/uploads\/2023\/04\/img03-270x152.jpg 270w, https:\/\/estelaclub.com\/wp-content\/uploads\/2023\/04\/img03.jpg 1920w\" sizes=\"(max-width: 1024px) 100vw, 1024px\" \/>\t\t\t\t\t\t\t\t\t\t\t\t\t\t\t<\/div>\n\t\t\t\t<\/div>\n\t\t\t\t<\/div>\n\t\t\t\t<\/div>\n\t\t<div class=\"elementor-element elementor-element-8c52c94 e-con-full e-flex e-con e-parent\" data-id=\"8c52c94\" data-element_type=\"container\" data-e-type=\"container\">\n\t\t<div class=\"elementor-element elementor-element-437d064 e-con-full e-flex e-con e-child\" data-id=\"437d064\" data-element_type=\"container\" data-e-type=\"container\">\n\t\t\t\t<div class=\"elementor-element elementor-element-a4f246e elementor-hidden-mobile elementor-widget elementor-widget-image\" data-id=\"a4f246e\" data-element_type=\"widget\" data-e-type=\"widget\" data-widget_type=\"image.default\">\n\t\t\t\t<div class=\"elementor-widget-container\">\n\t\t\t\t\t\t\t\t\t\t\t\t\t\t\t<img decoding=\"async\" width=\"1024\" height=\"576\" src=\"https:\/\/estelaclub.com\/wp-content\/uploads\/2023\/04\/img02-1024x576.jpg\" class=\"attachment-large size-large wp-image-770\" alt=\"\" srcset=\"https:\/\/estelaclub.com\/wp-content\/uploads\/2023\/04\/img02-1024x576.jpg 1024w, https:\/\/estelaclub.com\/wp-content\/uploads\/2023\/04\/img02-300x169.jpg 300w, https:\/\/estelaclub.com\/wp-content\/uploads\/2023\/04\/img02-768x432.jpg 768w, https:\/\/estelaclub.com\/wp-content\/uploads\/2023\/04\/img02-1536x864.jpg 1536w, https:\/\/estelaclub.com\/wp-content\/uploads\/2023\/04\/img02-1000x563.jpg 1000w, https:\/\/estelaclub.com\/wp-content\/uploads\/2023\/04\/img02-230x129.jpg 230w, https:\/\/estelaclub.com\/wp-content\/uploads\/2023\/04\/img02-350x197.jpg 350w, https:\/\/estelaclub.com\/wp-content\/uploads\/2023\/04\/img02-480x270.jpg 480w, https:\/\/estelaclub.com\/wp-content\/uploads\/2023\/04\/img02-1170x658.jpg 1170w, https:\/\/estelaclub.com\/wp-content\/uploads\/2023\/04\/img02-760x428.jpg 760w, https:\/\/estelaclub.com\/wp-content\/uploads\/2023\/04\/img02-370x208.jpg 370w, https:\/\/estelaclub.com\/wp-content\/uploads\/2023\/04\/img02-270x152.jpg 270w, https:\/\/estelaclub.com\/wp-content\/uploads\/2023\/04\/img02.jpg 1920w\" sizes=\"(max-width: 1024px) 100vw, 1024px\" \/>\t\t\t\t\t\t\t\t\t\t\t\t\t\t\t<\/div>\n\t\t\t\t<\/div>\n\t\t\t\t<\/div>\n\t\t<div class=\"elementor-element elementor-element-6cfb42a e-con-full e-flex e-con e-child\" data-id=\"6cfb42a\" data-element_type=\"container\" data-e-type=\"container\">\n\t\t\t\t<div class=\"elementor-element elementor-element-f5072c2 elementor-widget elementor-widget-heading\" data-id=\"f5072c2\" data-element_type=\"widget\" data-e-type=\"widget\" data-widget_type=\"heading.default\">\n\t\t\t\t<div class=\"elementor-widget-container\">\n\t\t\t\t\t<h2 class=\"elementor-heading-title elementor-size-large\">Hazards:<\/h2>\t\t\t\t<\/div>\n\t\t\t\t<\/div>\n\t\t\t\t<div class=\"elementor-element elementor-element-94184c1 elementor-widget elementor-widget-text-editor\" data-id=\"94184c1\" data-element_type=\"widget\" data-e-type=\"widget\" data-widget_type=\"text-editor.default\">\n\t\t\t\t<div class=\"elementor-widget-container\">\n\t\t\t\t\t\t\t\t\t<p>There are few fairway bunkers at Estela Golf Club, as the dunes and several lakes on the course create natural obstacles of rare beauty.<\/p><p>\u00a0<\/p>\t\t\t\t\t\t\t\t<\/div>\n\t\t\t\t<\/div>\n\t\t\t\t<\/div>\n\t\t\t\t<\/div>\n\t\t<div class=\"elementor-element elementor-element-afad4af e-con-full e-flex e-con e-parent\" data-id=\"afad4af\" data-element_type=\"container\" data-e-type=\"container\">\n\t\t<div class=\"elementor-element elementor-element-c2a39ec e-con-full e-flex e-con e-child\" data-id=\"c2a39ec\" data-element_type=\"container\" data-e-type=\"container\">\n\t\t\t\t<div class=\"elementor-element elementor-element-eac5849 elementor-widget elementor-widget-heading\" data-id=\"eac5849\" data-element_type=\"widget\" data-e-type=\"widget\" data-widget_type=\"heading.default\">\n\t\t\t\t<div class=\"elementor-widget-container\">\n\t\t\t\t\t<h2 class=\"elementor-heading-title elementor-size-large\">Greens:<\/h2>\t\t\t\t<\/div>\n\t\t\t\t<\/div>\n\t\t\t\t<div class=\"elementor-element elementor-element-62f8709 elementor-widget elementor-widget-text-editor\" data-id=\"62f8709\" data-element_type=\"widget\" data-e-type=\"widget\" data-widget_type=\"text-editor.default\">\n\t\t\t\t<div class=\"elementor-widget-container\">\n\t\t\t\t\t\t\t\t\t<p>The greens at Estela Golf Club are firm and fast. Getting there requires effort and skill, but once there, most shots to the greens are open, allowing the ball to roll in.<br \/><br \/>Green Turf: Penncross Bent<\/p><p>\u00a0<\/p>\t\t\t\t\t\t\t\t<\/div>\n\t\t\t\t<\/div>\n\t\t\t\t<\/div>\n\t\t<div class=\"elementor-element elementor-element-c6ff5cb e-con-full e-flex e-con e-child\" data-id=\"c6ff5cb\" data-element_type=\"container\" data-e-type=\"container\">\n\t\t\t\t<div class=\"elementor-element elementor-element-632f401 elementor-hidden-mobile elementor-widget elementor-widget-image\" data-id=\"632f401\" data-element_type=\"widget\" data-e-type=\"widget\" data-widget_type=\"image.default\">\n\t\t\t\t<div class=\"elementor-widget-container\">\n\t\t\t\t\t\t\t\t\t\t\t\t\t\t\t<img decoding=\"async\" width=\"1024\" height=\"576\" src=\"https:\/\/estelaclub.com\/wp-content\/uploads\/2023\/04\/img02-1024x576.jpg\" class=\"attachment-large size-large wp-image-770\" alt=\"\" srcset=\"https:\/\/estelaclub.com\/wp-content\/uploads\/2023\/04\/img02-1024x576.jpg 1024w, https:\/\/estelaclub.com\/wp-content\/uploads\/2023\/04\/img02-300x169.jpg 300w, https:\/\/estelaclub.com\/wp-content\/uploads\/2023\/04\/img02-768x432.jpg 768w, https:\/\/estelaclub.com\/wp-content\/uploads\/2023\/04\/img02-1536x864.jpg 1536w, https:\/\/estelaclub.com\/wp-content\/uploads\/2023\/04\/img02-1000x563.jpg 1000w, https:\/\/estelaclub.com\/wp-content\/uploads\/2023\/04\/img02-230x129.jpg 230w, https:\/\/estelaclub.com\/wp-content\/uploads\/2023\/04\/img02-350x197.jpg 350w, https:\/\/estelaclub.com\/wp-content\/uploads\/2023\/04\/img02-480x270.jpg 480w, https:\/\/estelaclub.com\/wp-content\/uploads\/2023\/04\/img02-1170x658.jpg 1170w, https:\/\/estelaclub.com\/wp-content\/uploads\/2023\/04\/img02-760x428.jpg 760w, https:\/\/estelaclub.com\/wp-content\/uploads\/2023\/04\/img02-370x208.jpg 370w, https:\/\/estelaclub.com\/wp-content\/uploads\/2023\/04\/img02-270x152.jpg 270w, https:\/\/estelaclub.com\/wp-content\/uploads\/2023\/04\/img02.jpg 1920w\" sizes=\"(max-width: 1024px) 100vw, 1024px\" \/>\t\t\t\t\t\t\t\t\t\t\t\t\t\t\t<\/div>\n\t\t\t\t<\/div>\n\t\t\t\t<\/div>\n\t\t\t\t<\/div>\n\t\t\t\t<\/div>","protected":false},"excerpt":{"rendered":"<p>O campo Fairways: Os fairways do Estela Golf Club s\u00e3o estreitos, especialmente nas landing areas, e est\u00e3o rodeados de dunas, pelo que a press\u00e3o est\u00e1 [&hellip;]<\/p>\n","protected":false},"author":4,"featured_media":0,"parent":0,"menu_order":0,"comment_status":"closed","ping_status":"closed","template":"","meta":{"footnotes":""},"class_list":["post-2239","page","type-page","status-publish","hentry"],"_links":{"self":[{"href":"https:\/\/estelaclub.com\/en\/wp-json\/wp\/v2\/pages\/2239","targetHints":{"allow":["GET"]}}],"collection":[{"href":"https:\/\/estelaclub.com\/en\/wp-json\/wp\/v2\/pages"}],"about":[{"href":"https:\/\/estelaclub.com\/en\/wp-json\/wp\/v2\/types\/page"}],"author":[{"embeddable":true,"href":"https:\/\/estelaclub.com\/en\/wp-json\/wp\/v2\/users\/4"}],"replies":[{"embeddable":true,"href":"https:\/\/estelaclub.com\/en\/wp-json\/wp\/v2\/comments?post=2239"}],"version-history":[{"count":0,"href":"https:\/\/estelaclub.com\/en\/wp-json\/wp\/v2\/pages\/2239\/revisions"}],"wp:attachment":[{"href":"https:\/\/estelaclub.com\/en\/wp-json\/wp\/v2\/media?parent=2239"}],"curies":[{"name":"wp","href":"https:\/\/api.w.org\/{rel}","templated":true}]}}