{"id":2210,"date":"2023-10-18T16:28:52","date_gmt":"2023-10-18T16:28:52","guid":{"rendered":"https:\/\/estelaclub.com\/?page_id=2210"},"modified":"2025-01-09T14:53:27","modified_gmt":"2025-01-09T14:53:27","slug":"estela-golf-course","status":"publish","type":"page","link":"https:\/\/estelaclub.com\/en\/estela-golf-course\/","title":{"rendered":"Estela Golf Course"},"content":{"rendered":"\t\t<div data-elementor-type=\"wp-page\" data-elementor-id=\"2210\" class=\"elementor elementor-2210\" data-elementor-post-type=\"page\">\n\t\t\t\t<div class=\"elementor-element elementor-element-5667ea2 e-flex e-con-boxed e-con e-parent\" data-id=\"5667ea2\" data-element_type=\"container\" data-e-type=\"container\">\n\t\t\t\t\t<div class=\"e-con-inner\">\n\t\t<div class=\"elementor-element elementor-element-eb88d61 elementor-hidden-mobile e-flex e-con-boxed e-con e-child\" data-id=\"eb88d61\" data-element_type=\"container\" data-e-type=\"container\" data-settings=\"{&quot;background_background&quot;:&quot;slideshow&quot;,&quot;background_slideshow_gallery&quot;:[{&quot;id&quot;:783,&quot;url&quot;:&quot;https:\\\/\\\/estelaclub.com\\\/wp-content\\\/uploads\\\/2023\\\/04\\\/img15.jpg&quot;}],&quot;background_slideshow_loop&quot;:&quot;yes&quot;,&quot;background_slideshow_slide_duration&quot;:5000,&quot;background_slideshow_slide_transition&quot;:&quot;fade&quot;,&quot;background_slideshow_transition_duration&quot;:500}\">\n\t\t\t\t\t<div class=\"e-con-inner\">\n\t\t\t\t<div class=\"elementor-element elementor-element-a013bb0 elementor-widget elementor-widget-heading\" data-id=\"a013bb0\" data-element_type=\"widget\" data-e-type=\"widget\" data-widget_type=\"heading.default\">\n\t\t\t\t<div class=\"elementor-widget-container\">\n\t\t\t\t\t<h2 class=\"elementor-heading-title elementor-size-large\">Um Links Com<br>3km de Costa<\/h2>\t\t\t\t<\/div>\n\t\t\t\t<\/div>\n\t\t\t\t<div class=\"elementor-element elementor-element-25889b1 elementor-widget elementor-widget-text-editor\" data-id=\"25889b1\" data-element_type=\"widget\" data-e-type=\"widget\" data-widget_type=\"text-editor.default\">\n\t\t\t\t<div class=\"elementor-widget-container\">\n\t\t\t\t\t\t\t\t\t<p><em>Um dos Melhores campos\u00a0<\/em><em>de Golf em Portugal<\/em><\/p>\t\t\t\t\t\t\t\t<\/div>\n\t\t\t\t<\/div>\n\t\t\t\t\t<\/div>\n\t\t\t\t<\/div>\n\t\t<div class=\"elementor-element elementor-element-ea3dca8 e-flex e-con-boxed e-con e-child\" data-id=\"ea3dca8\" data-element_type=\"container\" data-e-type=\"container\">\n\t\t\t\t\t<div class=\"e-con-inner\">\n\t\t\t\t<div class=\"elementor-element elementor-element-00b731b elementor-widget elementor-widget-heading\" data-id=\"00b731b\" data-element_type=\"widget\" data-e-type=\"widget\" data-widget_type=\"heading.default\">\n\t\t\t\t<div class=\"elementor-widget-container\">\n\t\t\t\t\t<h2 class=\"elementor-heading-title elementor-size-large\"><a href=\"https:\/\/estelaclub.com\/campo\/\">O Campo do Estela Golf Club<\/a><\/h2>\t\t\t\t<\/div>\n\t\t\t\t<\/div>\n\t\t\t\t<div class=\"elementor-element elementor-element-d4a2025 elementor-widget elementor-widget-heading\" data-id=\"d4a2025\" data-element_type=\"widget\" data-e-type=\"widget\" data-widget_type=\"heading.default\">\n\t\t\t\t<div class=\"elementor-widget-container\">\n\t\t\t\t\t<h3 class=\"elementor-heading-title elementor-size-default\"><a href=\"https:\/\/estelaclub.com\/buracos\/\">18 Buracos Maravilhosos<\/a><\/h3>\t\t\t\t<\/div>\n\t\t\t\t<\/div>\n\t\t\t\t<div class=\"elementor-element elementor-element-959d70c elementor-widget elementor-widget-text-editor\" data-id=\"959d70c\" data-element_type=\"widget\" data-e-type=\"widget\" data-widget_type=\"text-editor.default\">\n\t\t\t\t<div class=\"elementor-widget-container\">\n\t\t\t\t\t\t\t\t\t<p>Com 6148 metros de comprimento e 18 buracos emocionantes e desafiantes, jogar no luxuoso Estela Golf Club significa ter como pano de fundo tr\u00eas quil\u00f3metros de costa no Oceano Atl\u00e2ntico.<\/p><p>O acesso exclusivo \u00e0 praia e o clima refrescado pela brisa do Atl\u00e2ntico no Ver\u00e3o e aquecido pela corrente do Golfo no Inverno completam o cen\u00e1rio de sonho daquele que foi considerado em 2016 o 5\u00ba melhor campo de golfe em Portugal.<\/p><p><a href=\"https:\/\/estelaclub.com\/campo\/\" target=\"_blank\" rel=\"noopener\">Venha descobrir porqu\u00ea!<\/a><\/p><p><a href=\"https:\/\/estelaclub.com\/buracos\/\" target=\"_blank\" rel=\"noopener\">Co<\/a><a href=\"https:\/\/estelaclub.com\/buracos\/\" target=\"_blank\" rel=\"noopener\">nhe\u00e7a os 18 buracos do Estela Golf!<\/a><\/p><p><a style=\"background-color: #ffffff;\" href=\"https:\/\/estelaclub.com\/wp-content\/uploads\/2025\/01\/Tabela-de-Precos-EGC-2025.pdf\" target=\"_blank\" rel=\"noopener\">Tabela de Pre\u00e7os<\/a><\/p><p><a href=\"https:\/\/estelaclub.com\/wp-content\/uploads\/2025\/01\/QUOTAS-2025-ESTELA-GOLF-CLUB.pdf\" target=\"_blank\" rel=\"noopener\">Torne-se S\u00f3cio!<\/a><\/p>\t\t\t\t\t\t\t\t<\/div>\n\t\t\t\t<\/div>\n\t\t\t\t\t<\/div>\n\t\t\t\t<\/div>\n\t\t\t\t\t<\/div>\n\t\t\t\t<\/div>\n\t\t<div class=\"elementor-element elementor-element-370cab7 e-flex e-con-boxed e-con e-parent\" data-id=\"370cab7\" data-element_type=\"container\" data-e-type=\"container\">\n\t\t\t\t\t<div class=\"e-con-inner\">\n\t\t\t\t<div class=\"elementor-element elementor-element-37a9d82 elementor-hidden-mobile elementor-widget elementor-widget-image\" data-id=\"37a9d82\" data-element_type=\"widget\" data-e-type=\"widget\" data-widget_type=\"image.default\">\n\t\t\t\t<div class=\"elementor-widget-container\">\n\t\t\t\t\t\t\t\t\t\t\t\t\t\t\t<img fetchpriority=\"high\" decoding=\"async\" width=\"1024\" height=\"576\" src=\"https:\/\/estelaclub.com\/wp-content\/uploads\/2023\/10\/Green-Estela-Golf-1024x576.jpg\" class=\"attachment-large size-large wp-image-2520\" alt=\"\" srcset=\"https:\/\/estelaclub.com\/wp-content\/uploads\/2023\/10\/Green-Estela-Golf-1024x576.jpg 1024w, https:\/\/estelaclub.com\/wp-content\/uploads\/2023\/10\/Green-Estela-Golf-300x169.jpg 300w, https:\/\/estelaclub.com\/wp-content\/uploads\/2023\/10\/Green-Estela-Golf-768x432.jpg 768w, https:\/\/estelaclub.com\/wp-content\/uploads\/2023\/10\/Green-Estela-Golf-1000x562.jpg 1000w, https:\/\/estelaclub.com\/wp-content\/uploads\/2023\/10\/Green-Estela-Golf-230x129.jpg 230w, https:\/\/estelaclub.com\/wp-content\/uploads\/2023\/10\/Green-Estela-Golf-350x197.jpg 350w, https:\/\/estelaclub.com\/wp-content\/uploads\/2023\/10\/Green-Estela-Golf-480x270.jpg 480w, https:\/\/estelaclub.com\/wp-content\/uploads\/2023\/10\/Green-Estela-Golf.jpg 1151w\" sizes=\"(max-width: 1024px) 100vw, 1024px\" \/>\t\t\t\t\t\t\t\t\t\t\t\t\t\t\t<\/div>\n\t\t\t\t<\/div>\n\t\t<div class=\"elementor-element elementor-element-38081d5 e-flex e-con-boxed e-con e-child\" data-id=\"38081d5\" data-element_type=\"container\" data-e-type=\"container\">\n\t\t\t\t\t<div class=\"e-con-inner\">\n\t\t\t\t<div class=\"elementor-element elementor-element-a33b628 elementor-hidden-mobile elementor-widget elementor-widget-image\" data-id=\"a33b628\" data-element_type=\"widget\" data-e-type=\"widget\" data-widget_type=\"image.default\">\n\t\t\t\t<div class=\"elementor-widget-container\">\n\t\t\t\t\t\t\t\t\t\t\t\t\t\t\t<img decoding=\"async\" width=\"906\" height=\"221\" src=\"https:\/\/estelaclub.com\/wp-content\/uploads\/2023\/10\/Detalhes-Estela-Golf.webp\" class=\"attachment-full size-full wp-image-2518\" alt=\"\" srcset=\"https:\/\/estelaclub.com\/wp-content\/uploads\/2023\/10\/Detalhes-Estela-Golf.webp 906w, https:\/\/estelaclub.com\/wp-content\/uploads\/2023\/10\/Detalhes-Estela-Golf-300x73.webp 300w, https:\/\/estelaclub.com\/wp-content\/uploads\/2023\/10\/Detalhes-Estela-Golf-768x187.webp 768w, https:\/\/estelaclub.com\/wp-content\/uploads\/2023\/10\/Detalhes-Estela-Golf-230x56.webp 230w, https:\/\/estelaclub.com\/wp-content\/uploads\/2023\/10\/Detalhes-Estela-Golf-350x85.webp 350w, https:\/\/estelaclub.com\/wp-content\/uploads\/2023\/10\/Detalhes-Estela-Golf-480x117.webp 480w\" sizes=\"(max-width: 906px) 100vw, 906px\" \/>\t\t\t\t\t\t\t\t\t\t\t\t\t\t\t<\/div>\n\t\t\t\t<\/div>\n\t\t\t\t\t<\/div>\n\t\t\t\t<\/div>\n\t\t\t\t\t<\/div>\n\t\t\t\t<\/div>\n\t\t<div class=\"elementor-element elementor-element-6373ad8 e-flex e-con-boxed e-con e-parent\" data-id=\"6373ad8\" data-element_type=\"container\" data-e-type=\"container\">\n\t\t\t\t\t<div class=\"e-con-inner\">\n\t\t\t\t<div class=\"elementor-element elementor-element-3124bf1 elementor-widget elementor-widget-google_maps\" data-id=\"3124bf1\" data-element_type=\"widget\" data-e-type=\"widget\" data-widget_type=\"google_maps.default\">\n\t\t\t\t<div class=\"elementor-widget-container\">\n\t\t\t\t\t\t\t<div class=\"elementor-custom-embed\">\n\t\t\t<iframe loading=\"lazy\"\n\t\t\t\t\tsrc=\"https:\/\/maps.google.com\/maps?q=Estela%20Golf&#038;t=m&#038;z=10&#038;output=embed&#038;iwloc=near\"\n\t\t\t\t\ttitle=\"Estela Golf\"\n\t\t\t\t\taria-label=\"Estela Golf\"\n\t\t\t><\/iframe>\n\t\t<\/div>\n\t\t\t\t\t\t<\/div>\n\t\t\t\t<\/div>\n\t\t\t\t\t<\/div>\n\t\t\t\t<\/div>\n\t\t\t\t<\/div>\n\t\t","protected":false},"excerpt":{"rendered":"<p>Um Links Com3km de Costa Um dos Melhores campos\u00a0de Golf em Portugal O Campo do Estela Golf Club 18 Buracos Maravilhosos Com 6148 metros de [&hellip;]<\/p>\n","protected":false},"author":4,"featured_media":0,"parent":0,"menu_order":0,"comment_status":"closed","ping_status":"closed","template":"","meta":{"footnotes":""},"class_list":["post-2210","page","type-page","status-publish","hentry"],"_links":{"self":[{"href":"https:\/\/estelaclub.com\/en\/wp-json\/wp\/v2\/pages\/2210","targetHints":{"allow":["GET"]}}],"collection":[{"href":"https:\/\/estelaclub.com\/en\/wp-json\/wp\/v2\/pages"}],"about":[{"href":"https:\/\/estelaclub.com\/en\/wp-json\/wp\/v2\/types\/page"}],"author":[{"embeddable":true,"href":"https:\/\/estelaclub.com\/en\/wp-json\/wp\/v2\/users\/4"}],"replies":[{"embeddable":true,"href":"https:\/\/estelaclub.com\/en\/wp-json\/wp\/v2\/comments?post=2210"}],"version-history":[{"count":3,"href":"https:\/\/estelaclub.com\/en\/wp-json\/wp\/v2\/pages\/2210\/revisions"}],"predecessor-version":[{"id":5606,"href":"https:\/\/estelaclub.com\/en\/wp-json\/wp\/v2\/pages\/2210\/revisions\/5606"}],"wp:attachment":[{"href":"https:\/\/estelaclub.com\/en\/wp-json\/wp\/v2\/media?parent=2210"}],"curies":[{"name":"wp","href":"https:\/\/api.w.org\/{rel}","templated":true}]}}